{"id":5236,"date":"2024-06-22T00:47:42","date_gmt":"2024-06-21T21:47:42","guid":{"rendered":"https:\/\/disyeri.com.tr\/our-doctors\/"},"modified":"2025-05-27T14:35:26","modified_gmt":"2025-05-27T11:35:26","slug":"our-doctors","status":"publish","type":"page","link":"https:\/\/disyeriagizvedissagligi.com\/en\/our-doctors\/","title":{"rendered":"Our Doctors"},"content":{"rendered":"\t\t<div data-elementor-type=\"wp-page\" data-elementor-id=\"5236\" class=\"elementor elementor-5236 elementor-3126\" data-elementor-post-type=\"page\">\n\t\t\t\t\t\t<section class=\"elementor-section elementor-top-section elementor-element elementor-element-7583632 elementor-section-boxed elementor-section-height-default elementor-section-height-default wpr-particle-no wpr-jarallax-no wpr-parallax-no wpr-sticky-section-no\" data-id=\"7583632\" data-element_type=\"section\" data-settings=\"{&quot;background_background&quot;:&quot;classic&quot;}\">\n\t\t\t\t\t\t<div class=\"elementor-container elementor-column-gap-default\">\n\t\t\t\t\t<div class=\"elementor-column elementor-col-100 elementor-top-column elementor-element elementor-element-3fa5e2d\" data-id=\"3fa5e2d\" data-element_type=\"column\">\n\t\t\t<div class=\"elementor-widget-wrap elementor-element-populated\">\n\t\t\t\t\t\t<section class=\"elementor-section elementor-inner-section elementor-element elementor-element-8c53618 elementor-section-boxed elementor-section-height-default elementor-section-height-default wpr-particle-no wpr-jarallax-no wpr-parallax-no wpr-sticky-section-no\" data-id=\"8c53618\" data-element_type=\"section\">\n\t\t\t\t\t\t<div class=\"elementor-container elementor-column-gap-default\">\n\t\t\t\t\t<div class=\"elementor-column elementor-col-100 elementor-inner-column elementor-element elementor-element-e9156eb\" data-id=\"e9156eb\" data-element_type=\"column\">\n\t\t\t<div class=\"elementor-widget-wrap elementor-element-populated\">\n\t\t\t\t\t\t<div class=\"elementor-element elementor-element-f9a2893 elementor-widget elementor-widget-heading\" data-id=\"f9a2893\" data-element_type=\"widget\" data-widget_type=\"heading.default\">\n\t\t\t\t<div class=\"elementor-widget-container\">\n\t\t\t\t\t<h1 class=\"elementor-heading-title elementor-size-default\">Our Doctors<\/h1>\t\t\t\t<\/div>\n\t\t\t\t<\/div>\n\t\t\t\t<div class=\"elementor-element elementor-element-17a0c40 elementor-widget elementor-widget-skt-breadcrumbs skt-addon skt-breadcrumbs\" data-id=\"17a0c40\" data-element_type=\"widget\" data-widget_type=\"skt-breadcrumbs.default\">\n\t\t\t\t<div class=\"elementor-widget-container\">\n\t\t\t\t\t<ul class=\"skt-breadcrumbs\"><li class=\"skt-breadcrumbs-item skt-breadcrumbs-start\"><a href=\"https:\/\/disyeriagizvedissagligi.com\/en\/\" rel=\"home\"><span class=\"skt-breadcrumbs-text\">Anasayfa<\/span><\/a><\/li><\/ul>\t\t\t\t<\/div>\n\t\t\t\t<\/div>\n\t\t\t\t\t<\/div>\n\t\t<\/div>\n\t\t\t\t\t<\/div>\n\t\t<\/section>\n\t\t\t\t\t<\/div>\n\t\t<\/div>\n\t\t\t\t\t<\/div>\n\t\t<\/section>\n\t\t<div class=\"elementor-element elementor-element-c5906b7 e-flex e-con-boxed wpr-particle-no wpr-jarallax-no wpr-parallax-no wpr-sticky-section-no e-con e-parent\" data-id=\"c5906b7\" data-element_type=\"container\">\n\t\t\t\t\t<div class=\"e-con-inner\">\n\t\t<div class=\"elementor-element elementor-element-83394e5 e-con-full e-flex wpr-particle-no wpr-jarallax-no wpr-parallax-no wpr-sticky-section-no e-con e-child\" data-id=\"83394e5\" data-element_type=\"container\">\n\t\t\t\t<div class=\"elementor-element elementor-element-90025ba elementor-grid-4 elementor-grid-tablet-2 elementor-grid-mobile-1 elementor-widget elementor-widget-loop-grid\" data-id=\"90025ba\" data-element_type=\"widget\" data-settings=\"{&quot;template_id&quot;:1886,&quot;columns&quot;:4,&quot;pagination_type&quot;:&quot;numbers&quot;,&quot;_skin&quot;:&quot;post&quot;,&quot;columns_tablet&quot;:&quot;2&quot;,&quot;columns_mobile&quot;:&quot;1&quot;,&quot;edit_handle_selector&quot;:&quot;[data-elementor-type=\\&quot;loop-item\\&quot;]&quot;,&quot;pagination_load_type&quot;:&quot;page_reload&quot;,&quot;row_gap&quot;:{&quot;unit&quot;:&quot;px&quot;,&quot;size&quot;:&quot;&quot;,&quot;sizes&quot;:[]},&quot;row_gap_tablet&quot;:{&quot;unit&quot;:&quot;px&quot;,&quot;size&quot;:&quot;&quot;,&quot;sizes&quot;:[]},&quot;row_gap_mobile&quot;:{&quot;unit&quot;:&quot;px&quot;,&quot;size&quot;:&quot;&quot;,&quot;sizes&quot;:[]}}\" data-widget_type=\"loop-grid.post\">\n\t\t\t\t<div class=\"elementor-widget-container\">\n\t\t\t\t\t\t\t<div class=\"elementor-loop-container elementor-grid\">\n\t\t<style id=\"loop-1886\">.elementor-1886 .elementor-element.elementor-element-d0f3bf7{--display:flex;--justify-content:space-evenly;--align-items:stretch;--container-widget-width:calc( ( 1 - var( --container-widget-flex-grow ) ) * 100% );--border-radius:11px 11px 11px 11px;--padding-top:0px;--padding-bottom:0px;--padding-left:0px;--padding-right:0px;}.elementor-1886 .elementor-element.elementor-element-d0f3bf7.e-con{--align-self:stretch;}.elementor-widget-theme-post-featured-image .widget-image-caption{color:var( --e-global-color-text );font-family:var( --e-global-typography-text-font-family ), Sans-serif;font-weight:var( --e-global-typography-text-font-weight );}.elementor-1886 .elementor-element.elementor-element-22d16b3 > .elementor-widget-container{padding:0px 0px 0px 0px;}.elementor-1886 .elementor-element.elementor-element-22d16b3.elementor-element{--align-self:stretch;}.elementor-1886 .elementor-element.elementor-element-22d16b3 img{border-radius:11px 11px 11px 11px;}.elementor-widget-theme-post-title .elementor-heading-title{font-family:var( --e-global-typography-primary-font-family ), Sans-serif;font-weight:var( --e-global-typography-primary-font-weight );color:var( --e-global-color-primary );}.elementor-1886 .elementor-element.elementor-element-80c56ce{width:100%;max-width:100%;bottom:-4px;text-align:left;}.elementor-1886 .elementor-element.elementor-element-80c56ce > .elementor-widget-container{background-color:transparent;margin:0px 0px 0px 0px;padding:11px 11px 11px 11px;background-image:linear-gradient(180deg, #FFFFFF00 0%, var( --e-global-color-8663bd5 ) 100%);border-radius:11px 11px 11px 11px;}body:not(.rtl) .elementor-1886 .elementor-element.elementor-element-80c56ce{left:-1px;}body.rtl .elementor-1886 .elementor-element.elementor-element-80c56ce{right:-1px;}.elementor-1886 .elementor-element.elementor-element-80c56ce.skt-has-bg-overlay > .elementor-widget-container:before{transition:background 0.3s;}.elementor-1886 .elementor-element.elementor-element-80c56ce .elementor-heading-title{font-family:\"Roboto\", Sans-serif;font-size:21px;font-weight:600;color:#F8F8F8;}<\/style>\t\t<div data-elementor-type=\"loop-item\" data-elementor-id=\"1886\" class=\"elementor elementor-1886 e-loop-item e-loop-item-8454 post-8454 doktor type-doktor status-publish has-post-thumbnail hentry\" data-elementor-post-type=\"elementor_library\" data-custom-edit-handle=\"1\">\n\t\t\t<div class=\"elementor-element elementor-element-d0f3bf7 e-con-full e-flex wpr-particle-no wpr-jarallax-no wpr-parallax-no wpr-sticky-section-no e-con e-parent\" data-id=\"d0f3bf7\" data-element_type=\"container\">\n\t\t\t\t<div class=\"elementor-element elementor-element-22d16b3 elementor-widget elementor-widget-theme-post-featured-image elementor-widget-image\" data-id=\"22d16b3\" data-element_type=\"widget\" data-widget_type=\"theme-post-featured-image.default\">\n\t\t\t\t<div class=\"elementor-widget-container\">\n\t\t\t\t\t\t\t\t\t\t\t\t\t\t\t\t<a href=\"https:\/\/disyeriagizvedissagligi.com\/en\/doktor\/dr-seckin-yalcin\/\">\n\t\t\t\t\t\t\t<img fetchpriority=\"high\" decoding=\"async\" width=\"576\" height=\"1024\" src=\"https:\/\/disyeriagizvedissagligi.com\/wp-content\/uploads\/2025\/01\/DSCF5833-576x1024.jpg\" class=\"attachment-large size-large wp-image-5228\" alt=\"Dr. Se\u00e7kin Yal\u00e7\u0131n di\u015fyeri grup\" srcset=\"https:\/\/disyeriagizvedissagligi.com\/wp-content\/uploads\/2025\/01\/DSCF5833-576x1024.jpg 576w, https:\/\/disyeriagizvedissagligi.com\/wp-content\/uploads\/2025\/01\/DSCF5833-169x300.jpg 169w, https:\/\/disyeriagizvedissagligi.com\/wp-content\/uploads\/2025\/01\/DSCF5833-768x1365.jpg 768w, https:\/\/disyeriagizvedissagligi.com\/wp-content\/uploads\/2025\/01\/DSCF5833-864x1536.jpg 864w, https:\/\/disyeriagizvedissagligi.com\/wp-content\/uploads\/2025\/01\/DSCF5833-1153x2048.jpg 1153w, https:\/\/disyeriagizvedissagligi.com\/wp-content\/uploads\/2025\/01\/DSCF5833-150x267.jpg 150w, https:\/\/disyeriagizvedissagligi.com\/wp-content\/uploads\/2025\/01\/DSCF5833-scaled.jpg 1441w\" sizes=\"(max-width: 576px) 100vw, 576px\" \/>\t\t\t\t\t\t\t\t<\/a>\n\t\t\t\t\t\t\t\t\t\t\t\t\t\t\t<\/div>\n\t\t\t\t<\/div>\n\t\t\t\t<div class=\"elementor-element elementor-element-80c56ce elementor-widget__width-inherit elementor-absolute elementor-widget elementor-widget-theme-post-title elementor-page-title elementor-widget-heading\" data-id=\"80c56ce\" data-element_type=\"widget\" data-settings=\"{&quot;_position&quot;:&quot;absolute&quot;}\" data-widget_type=\"theme-post-title.default\">\n\t\t\t\t<div class=\"elementor-widget-container\">\n\t\t\t\t\t<h2 class=\"elementor-heading-title elementor-size-default\"><a href=\"https:\/\/disyeriagizvedissagligi.com\/en\/doktor\/dr-seckin-yalcin\/\">Dr. Se\u00e7kin Yal\u00e7\u0131n<\/a><\/h2>\t\t\t\t<\/div>\n\t\t\t\t<\/div>\n\t\t\t\t<\/div>\n\t\t\t\t<\/div>\n\t\t\t\t<div data-elementor-type=\"loop-item\" data-elementor-id=\"1886\" class=\"elementor elementor-1886 e-loop-item e-loop-item-8456 post-8456 doktor type-doktor status-publish has-post-thumbnail hentry\" data-elementor-post-type=\"elementor_library\" data-custom-edit-handle=\"1\">\n\t\t\t<div class=\"elementor-element elementor-element-d0f3bf7 e-con-full e-flex wpr-particle-no wpr-jarallax-no wpr-parallax-no wpr-sticky-section-no e-con e-parent\" data-id=\"d0f3bf7\" data-element_type=\"container\">\n\t\t\t\t<div class=\"elementor-element elementor-element-22d16b3 elementor-widget elementor-widget-theme-post-featured-image elementor-widget-image\" data-id=\"22d16b3\" data-element_type=\"widget\" data-widget_type=\"theme-post-featured-image.default\">\n\t\t\t\t<div class=\"elementor-widget-container\">\n\t\t\t\t\t\t\t\t\t\t\t\t\t\t\t\t<a href=\"https:\/\/disyeriagizvedissagligi.com\/en\/doktor\/dt-enis-kacar\/\">\n\t\t\t\t\t\t\t<img decoding=\"async\" width=\"576\" height=\"1024\" src=\"https:\/\/disyeriagizvedissagligi.com\/wp-content\/uploads\/2024\/12\/WhatsApp-Image-2025-11-15-at-12.36.21-576x1024.jpeg\" class=\"attachment-large size-large wp-image-8355\" alt=\"Dt Enis ka\u00e7ar di\u015fyeri grup esenyurt\" srcset=\"https:\/\/disyeriagizvedissagligi.com\/wp-content\/uploads\/2024\/12\/WhatsApp-Image-2025-11-15-at-12.36.21-576x1024.jpeg 576w, https:\/\/disyeriagizvedissagligi.com\/wp-content\/uploads\/2024\/12\/WhatsApp-Image-2025-11-15-at-12.36.21-169x300.jpeg 169w, https:\/\/disyeriagizvedissagligi.com\/wp-content\/uploads\/2024\/12\/WhatsApp-Image-2025-11-15-at-12.36.21-768x1365.jpeg 768w, https:\/\/disyeriagizvedissagligi.com\/wp-content\/uploads\/2024\/12\/WhatsApp-Image-2025-11-15-at-12.36.21-864x1536.jpeg 864w, https:\/\/disyeriagizvedissagligi.com\/wp-content\/uploads\/2024\/12\/WhatsApp-Image-2025-11-15-at-12.36.21-150x267.jpeg 150w, https:\/\/disyeriagizvedissagligi.com\/wp-content\/uploads\/2024\/12\/WhatsApp-Image-2025-11-15-at-12.36.21.jpeg 900w\" sizes=\"(max-width: 576px) 100vw, 576px\" \/>\t\t\t\t\t\t\t\t<\/a>\n\t\t\t\t\t\t\t\t\t\t\t\t\t\t\t<\/div>\n\t\t\t\t<\/div>\n\t\t\t\t<div class=\"elementor-element elementor-element-80c56ce elementor-widget__width-inherit elementor-absolute elementor-widget elementor-widget-theme-post-title elementor-page-title elementor-widget-heading\" data-id=\"80c56ce\" data-element_type=\"widget\" data-settings=\"{&quot;_position&quot;:&quot;absolute&quot;}\" data-widget_type=\"theme-post-title.default\">\n\t\t\t\t<div class=\"elementor-widget-container\">\n\t\t\t\t\t<h2 class=\"elementor-heading-title elementor-size-default\"><a href=\"https:\/\/disyeriagizvedissagligi.com\/en\/doktor\/dt-enis-kacar\/\">Dt. Enis Ka\u00e7ar<\/a><\/h2>\t\t\t\t<\/div>\n\t\t\t\t<\/div>\n\t\t\t\t<\/div>\n\t\t\t\t<\/div>\n\t\t\t\t<div data-elementor-type=\"loop-item\" data-elementor-id=\"1886\" class=\"elementor elementor-1886 e-loop-item e-loop-item-8459 post-8459 doktor type-doktor status-publish has-post-thumbnail hentry\" data-elementor-post-type=\"elementor_library\" data-custom-edit-handle=\"1\">\n\t\t\t<div class=\"elementor-element elementor-element-d0f3bf7 e-con-full e-flex wpr-particle-no wpr-jarallax-no wpr-parallax-no wpr-sticky-section-no e-con e-parent\" data-id=\"d0f3bf7\" data-element_type=\"container\">\n\t\t\t\t<div class=\"elementor-element elementor-element-22d16b3 elementor-widget elementor-widget-theme-post-featured-image elementor-widget-image\" data-id=\"22d16b3\" data-element_type=\"widget\" data-widget_type=\"theme-post-featured-image.default\">\n\t\t\t\t<div class=\"elementor-widget-container\">\n\t\t\t\t\t\t\t\t\t\t\t\t\t\t\t\t<a href=\"https:\/\/disyeriagizvedissagligi.com\/en\/doktor\/dt-yusuf-cansiz\/\">\n\t\t\t\t\t\t\t<img decoding=\"async\" width=\"540\" height=\"960\" src=\"https:\/\/disyeriagizvedissagligi.com\/wp-content\/uploads\/2025\/11\/Adsiz-tasarim-2.png\" class=\"attachment-large size-large wp-image-8460\" alt=\"Dt. Yusuf Cans\u0131z Di\u015fyeri Grup\" srcset=\"https:\/\/disyeriagizvedissagligi.com\/wp-content\/uploads\/2025\/11\/Adsiz-tasarim-2.png 540w, https:\/\/disyeriagizvedissagligi.com\/wp-content\/uploads\/2025\/11\/Adsiz-tasarim-2-169x300.png 169w, https:\/\/disyeriagizvedissagligi.com\/wp-content\/uploads\/2025\/11\/Adsiz-tasarim-2-150x267.png 150w\" sizes=\"(max-width: 540px) 100vw, 540px\" \/>\t\t\t\t\t\t\t\t<\/a>\n\t\t\t\t\t\t\t\t\t\t\t\t\t\t\t<\/div>\n\t\t\t\t<\/div>\n\t\t\t\t<div class=\"elementor-element elementor-element-80c56ce elementor-widget__width-inherit elementor-absolute elementor-widget elementor-widget-theme-post-title elementor-page-title elementor-widget-heading\" data-id=\"80c56ce\" data-element_type=\"widget\" data-settings=\"{&quot;_position&quot;:&quot;absolute&quot;}\" data-widget_type=\"theme-post-title.default\">\n\t\t\t\t<div class=\"elementor-widget-container\">\n\t\t\t\t\t<h2 class=\"elementor-heading-title elementor-size-default\"><a href=\"https:\/\/disyeriagizvedissagligi.com\/en\/doktor\/dt-yusuf-cansiz\/\">Dt. Yusuf Cans\u0131z<\/a><\/h2>\t\t\t\t<\/div>\n\t\t\t\t<\/div>\n\t\t\t\t<\/div>\n\t\t\t\t<\/div>\n\t\t\t\t<\/div>\n\t\t\n\t\t\t\t\t\t<\/div>\n\t\t\t\t<\/div>\n\t\t\t\t<\/div>\n\t\t\t\t\t<\/div>\n\t\t\t\t<\/div>\n\t\t\t\t<\/div>\n\t\t","protected":false},"excerpt":{"rendered":"<p>Anasayfa<\/p>\n","protected":false},"author":6,"featured_media":5594,"parent":0,"menu_order":0,"comment_status":"closed","ping_status":"closed","template":"elementor_header_footer","meta":{"_acf_changed":false,"footnotes":""},"class_list":["post-5236","page","type-page","status-publish","has-post-thumbnail","hentry"],"acf":[],"aioseo_notices":[],"_links":{"self":[{"href":"https:\/\/disyeriagizvedissagligi.com\/en\/wp-json\/wp\/v2\/pages\/5236","targetHints":{"allow":["GET"]}}],"collection":[{"href":"https:\/\/disyeriagizvedissagligi.com\/en\/wp-json\/wp\/v2\/pages"}],"about":[{"href":"https:\/\/disyeriagizvedissagligi.com\/en\/wp-json\/wp\/v2\/types\/page"}],"author":[{"embeddable":true,"href":"https:\/\/disyeriagizvedissagligi.com\/en\/wp-json\/wp\/v2\/users\/6"}],"replies":[{"embeddable":true,"href":"https:\/\/disyeriagizvedissagligi.com\/en\/wp-json\/wp\/v2\/comments?post=5236"}],"version-history":[{"count":2,"href":"https:\/\/disyeriagizvedissagligi.com\/en\/wp-json\/wp\/v2\/pages\/5236\/revisions"}],"predecessor-version":[{"id":6196,"href":"https:\/\/disyeriagizvedissagligi.com\/en\/wp-json\/wp\/v2\/pages\/5236\/revisions\/6196"}],"wp:featuredmedia":[{"embeddable":true,"href":"https:\/\/disyeriagizvedissagligi.com\/en\/wp-json\/wp\/v2\/media\/5594"}],"wp:attachment":[{"href":"https:\/\/disyeriagizvedissagligi.com\/en\/wp-json\/wp\/v2\/media?parent=5236"}],"curies":[{"name":"wp","href":"https:\/\/api.w.org\/{rel}","templated":true}]}}